{"id":1263,"date":"2025-01-02T18:53:16","date_gmt":"2025-01-02T18:53:16","guid":{"rendered":"https:\/\/aukok-sxz3o.projectbeta.co.uk\/?post_type=product&#038;p=1263"},"modified":"2025-01-02T18:53:17","modified_gmt":"2025-01-02T18:53:17","slug":"maistas-ukrainai","status":"publish","type":"product","link":"https:\/\/aukok-sxz3o.projectbeta.co.uk\/lt\/produktas\/maistas-ukrainai\/","title":{"rendered":"Maistas Ukrainai"},"content":{"rendered":"<p><b>MES<\/b> \u2013 Labdaros ir Paramos fondas \u201eMaistas Ukrainai\u201c (Food for Ukraine) \u2013 vieni pirm\u0173j\u0173 \u012fve\u017e\u0117me humanitarin\u0119 pagalb\u0105 maistu Ukrainos civiliams gyventojams.<\/p>\n<p><b>ESAM LABAI ARTI<\/b> Ukrainos ir ukrainie\u010di\u0173. M\u016bs\u0173 \u017emon\u0117s \u010dia dirba nuo 2007 met\u0173, tod\u0117l betarpi\u0161kai matome, kokia katastrofi\u0161ka situacija i\u0161laisvintose teritorijose: \u017emon\u0117s be pastog\u0117s, maisto, vandens ir be medikament\u0173, nors prie\u0161o kareivi\u0173 kai kur jau neb\u0117ra. Dar didesn\u0119 bado baim\u0119 i\u0161gyvena \u017emon\u0117s, kurie yra prikaustyti prie lovos ar savo bute, nes yra ne\u012fgal\u016bs, o liftai neveikia d\u0117l to, kad j\u0173 namuose n\u0117ra elektros arba, dar blogiau, \u012f juos taikosi bombos.<\/p>\n<p><b>SU J\u016aS\u0172 PAGALBA nuo karo prad\u017eios<\/b> iki \u0161i\u0173 met\u0173 liepos pabaigos jau atgabenta ir i\u0161dalinta 81 vilkik\u0173 su maistu arba kitaip \u2013 1 620 000 kg maisto ir kit\u0173 b\u016btiniausi\u0173 produkt\u0173, kuri\u0173 bendra vert\u0117 vir\u0161ija 1 900 000 EUR sum\u0105. T.y. nuo karo prad\u017eios socialiai pa\u017eeid\u017eiamiausius \u017emones jau pasiek\u0117 per 298 000 t\u016bkstan\u010di\u0173 maisto rinkini\u0173. Vienas toks rinkinys suteikia maisto savaitei. Humanitarin\u0117 pagalba ve\u017eama kur \u012fmanoma: ir tiesiai prie bomb\u0173 sl\u0117ptuvi\u0173, ir soc. remiamiems vieni\u0161iems asmenims \u012f namus, ir \u012f ligonines. Informacij\u0105 d\u0117l poreiki\u0173 koordinuojame su vietos vald\u017eios atstovais ir Ukrainos Raudonuoju Kry\u017eiumi. Maisto u\u017epirkim\u0105 palankiomis s\u0105lygomis tiesiai i\u0161 Europos gamintoj\u0173, sand\u0117liavim\u0105, logistik\u0105 ir paskirstym\u0105 padeda organizuoti Ukrainoje veikiantis lietuvi\u0161ko kapitalo prekybos tinklas Novus.<\/p>\n<p><b>PAD\u0116SIME UKRAINAI!<\/b> Dirbame pagal ketur\u0161al\u0119 bendradarbiavimo sutart\u012f su Ukrainos Raudonuoju Kry\u017eiumi ir partneriais, tad paramos suteikimas fiksuojamas pagal Lietuvos Respublikos ir Ukrainos teis\u0117s aktus. Turime visas reikiamas kompetencijas ir infrastrukt\u016br\u0105 u\u017etikrinti, kad reikiama parama atsirast\u0173 reikiamose vietose minimaliomis s\u0105naudomis, tad kiekvienas J\u016bs\u0173 skirtas euras pasiekia tiksl\u0105!<\/p>\n","protected":false},"excerpt":{"rendered":"<p>MES \u2013 Labdaros ir Paramos fondas \u201eMaistas Ukrainai\u201c (Food for Ukraine) \u2013 vieni pirm\u0173j\u0173 \u012fve\u017e\u0117me humanitarin\u0119 pagalb\u0105 maistu Ukrainos civiliams gyventojams. ESAM LABAI ARTI Ukrainos ir ukrainie\u010di\u0173. M\u016bs\u0173 \u017emon\u0117s \u010dia dirba nuo 2007 met\u0173, tod\u0117l betarpi\u0161kai matome, kokia katastrofi\u0161ka situacija i\u0161laisvintose teritorijose: \u017emon\u0117s be pastog\u0117s, maisto, vandens ir be medikament\u0173, nors prie\u0161o kareivi\u0173 kai kur [&hellip;]<\/p>\n","protected":false},"featured_media":1264,"template":"","meta":{"_acf_changed":false},"product_brand":[],"product_cat":[47],"product_tag":[],"class_list":{"0":"post-1263","1":"product","2":"type-product","3":"status-publish","4":"has-post-thumbnail","6":"product_cat-ukrainai","8":"first","9":"instock","10":"sold-individually","11":"shipping-taxable","12":"product-type-simple"},"acf":[],"_links":{"self":[{"href":"https:\/\/aukok-sxz3o.projectbeta.co.uk\/lt\/wp-json\/wp\/v2\/product\/1263","targetHints":{"allow":["GET"]}}],"collection":[{"href":"https:\/\/aukok-sxz3o.projectbeta.co.uk\/lt\/wp-json\/wp\/v2\/product"}],"about":[{"href":"https:\/\/aukok-sxz3o.projectbeta.co.uk\/lt\/wp-json\/wp\/v2\/types\/product"}],"wp:featuredmedia":[{"embeddable":true,"href":"https:\/\/aukok-sxz3o.projectbeta.co.uk\/lt\/wp-json\/wp\/v2\/media\/1264"}],"wp:attachment":[{"href":"https:\/\/aukok-sxz3o.projectbeta.co.uk\/lt\/wp-json\/wp\/v2\/media?parent=1263"}],"wp:term":[{"taxonomy":"product_brand","embeddable":true,"href":"https:\/\/aukok-sxz3o.projectbeta.co.uk\/lt\/wp-json\/wp\/v2\/product_brand?post=1263"},{"taxonomy":"product_cat","embeddable":true,"href":"https:\/\/aukok-sxz3o.projectbeta.co.uk\/lt\/wp-json\/wp\/v2\/product_cat?post=1263"},{"taxonomy":"product_tag","embeddable":true,"href":"https:\/\/aukok-sxz3o.projectbeta.co.uk\/lt\/wp-json\/wp\/v2\/product_tag?post=1263"}],"curies":[{"name":"wp","href":"https:\/\/api.w.org\/{rel}","templated":true}]}}