{"id":1256,"date":"2025-01-02T18:36:31","date_gmt":"2025-01-02T18:36:31","guid":{"rendered":"https:\/\/aukok-sxz3o.projectbeta.co.uk\/?post_type=product&#038;p=1256"},"modified":"2025-01-02T18:43:39","modified_gmt":"2025-01-02T18:43:39","slug":"as-esu-ukraina","status":"publish","type":"product","link":"https:\/\/aukok-sxz3o.projectbeta.co.uk\/lt\/produktas\/as-esu-ukraina\/","title":{"rendered":"A\u0160 ESU UKRAINA"},"content":{"rendered":"<p>Visa Ukraina ir kiekvienas ukrainietis atskirai yra be galo d\u0117kingas u\u017e J\u016bs\u0173 pasiaukojan\u010di\u0105 param\u0105. Deja, karas nesibaigia, ta\u010diau ukrainie\u010diai ir toliau atkakliai gina kiekvien\u0105 savo \u0161alies kampel\u012f.<\/p>\n<p>Nepaisant okupant\u0173 vykdomo \u017eiaurumo, ukrainie\u010diai kiekvien\u0105 dien\u0105 gina Europos laisv\u0119.<\/p>\n<p>Ir mes kartu su jais tikime, kad ta laisv\u0117 bus apginta. Ukrainie\u010diams dabar reikia maksimalios m\u016bs\u0173 pagalbos apr\u016bpinti Ukrainos gyn\u0117jus modernia \u012franga.<\/p>\n<p><b>Ypatingai skubiai reikalingi dronai, naktinio matymo prietaisai, termovizoriai, visureigiai ir net taktin\u0117 apranga. <\/b><\/p>\n<p>Kas jau buvo nuveikta j\u016bs\u0173 paramos Ukrainos ambasados projektui &#8222;A\u0161 esu Ukraina&#8221; d\u0117ka?<\/p>\n<p>Aukok.lt platformoje Ukrainos ambasada renka param\u0105 nuo 2022 kovo m\u0117n. Iki \u0161iol per \u0161i\u0105 platform\u0105 surinkta 385 t\u016bkstan\u010diai eur\u0173 paramos. Surinkta parama skirta skubiausiems ir svarbiausiems Ukrainos poreikiams \u2013 karo prad\u017eioje pagalba maistu, elektros generatoriais, kurie pad\u0117t\u0173 atstatyti sunaikint\u0105 Ukrainos elektros tinkl\u0105, o v\u0117liau \u012frangai ir priemon\u0117ms, kurios pad\u0117t\u0173 Ukrainos kariams gintis ir kovoti su Rusijos invazija.<\/p>\n<p>Skai\u010diuojama, kad u\u017e 2022-2023 metais surinkt\u0105 param\u0105 \u012f \u012fvairius, labiausiai nuo Rusijos nukent\u0117jusius Ukrainos regionus pristatyta apie 110 ton\u0173 maisto produkt\u0173, siekiant paremti Ukrainos energetikos sistemos atk\u016brim\u0105 Ukrainai nupirkti ir pristatyti 56 generatoriai. Ukrainos ginkluot\u0173j\u0173 paj\u0117g\u0173 daliniams nupirkta ir pristatyta 20 auk\u0161tos kokyb\u0117s naktinio matymo prietais\u0173 (BPS 14) ir 23 dronai. Visiems \u0161iems poreikiams panaudota 371 000 eur\u0173 Aukok.lt platformoje surinktos paramos.<\/p>\n<p>Intensyviausias aukojimas projektui fiksuotas karo Ukrainoje prad\u017eioje, kai per m\u0117nes\u012f projektui buvo aukojama iki 50 t\u016bkstan\u010di\u0173 eur\u0173 per m\u0117nes\u012f \u0161iuo metu vidutini\u0161kai projektui surenkama 18 t\u016bkstan\u010di\u0173 eur\u0173 per m\u0117nes\u012f. Aukok.lt primena, kad paremti Ukrainos ambasados projekt\u0105 &#8222;A\u0161 esu Ukraina&#8221; galima bet kuriuo metu Aukok.lt platformoje. Surinkt\u0105 param\u0105 Ukrainos ambasada ketina skirti dron\u0173 ir kitos reikalingos \u012frangos pirkimui. Pasibaigus projektui portale aukojusiems \u017emon\u0117ms siun\u010diamos panaudotos paramos ataskaitos.<\/p>\n<p>Detali panaudotos paramos ataskaita<\/p>\n<p>2022 metai<\/p>\n<p>2022 m. gegu\u017e\u0117 &#8211; bir\u017eelis<\/p>\n<p>Ambasada, bendradarbiaudama su Lietuvos pramoninink\u0173 konfederacija, pristat\u0117 maisto produktus Odesoje \u012fsik\u016brusiai Ukrainos ginkluot\u0173j\u0173 paj\u0117g\u0173 operacinei vadovybei &#8222;Pivden&#8221; (Ukrainos ginkluot\u0173j\u0173 paj\u0117g\u0173 dalinys). Bendras preki\u0173 kiekis &#8211; 20,52 tonos.<\/p>\n<p>Ambasada, bendradarbiaudama su &#8222;Maisto banku&#8221;, supakavo ir pristat\u0117 maisto produktus Charkovo gyventojams, kad pad\u0117t\u0173 \u017emon\u0117ms atsigauti po intensyvi\u0173 ap\u0161audym\u0173 ir did\u017eiulio maisto tr\u016bkumo. 1000 maisto paket\u0173 Charkovo tarptautinio &#8222;Rotary&#8221; klubo savanoriai i\u0161dalijo perkeltiems asmenims i\u0161 laikinai okupuot\u0173 teritorij\u0173 ir socialiai pa\u017eeid\u017eiamiems Charkovo gyventojams. Bendras kiekis &#8211; 19,3 tonos preki\u0173.<\/p>\n<p>Ambasada, bendradarbiaudama su &#8222;Maisto banku&#8221;, supakavo ir pristat\u0117 maisto produktus, kurie buvo perduoti oro paj\u0117g\u0173 brigadai \u017dytomyre.<\/p>\n<p>Bendras kiekis &#8211; 16,5 tonos preki\u0173.<\/p>\n<p>&nbsp;<\/p>\n<p>2022 m. bir\u017eelis-liepa<\/p>\n<p>Ambasada, bendradarbiaudama su &#8222;Maisto banku&#8221;, supakavo ir pristat\u0117 humanitarin\u0119 pagalb\u0105 (maisto produktus) Mykolajivo srities karinei administracijai ir i\u0161dalijo j\u0105 miesto gyventojams bei regione esan\u010dioms Ukrainos ginkluotosioms paj\u0117goms. Bendras preki\u0173 kiekis &#8211; 16,0 ton\u0173.<\/p>\n<p>2022 m. rugpj\u016btis &#8211; rugs\u0117jis<\/p>\n<p>Ambasada, bendradarbiaudama su &#8222;Maisto banku&#8221;, \u012f Charkovo srit\u012f pristat\u0117 humanitarin\u0119 pagalb\u0105 (maisto produktus). \u0160i humanitarin\u0117 pagalba sudar\u0117 apie 33 tonas Lietuvoje \u012fsigyt\u0173 preki\u0173. Charkovo tarptautinio Rotary klubo &#8222;Charkov International&#8221; savanoriai i\u0161dalijo 1600 maisto paket\u0173 perkeltiems asmenims i\u0161 laikinai okupuot\u0173 teritorij\u0173 ir socialiai pa\u017eeid\u017eiamiems asmenims Charkovo srityje.<\/p>\n<p>Bendras kiekis &#8211; 33,0 tonos preki\u0173.<\/p>\n<p>2022 m. spalio-gruod\u017eio m\u0117nesiai<\/p>\n<p>Ambasada, bendradarbiaudama su Lietuvos ir Ukrainos savanoriais, \u012f Ukrain\u0105 pristat\u0117 56 generatorius (13 generatori\u0173 \u012f Dniepro srit\u012f, nes regiono energetikos infrastrukt\u016bra buvo pa\u017eeista, 43 &#8211; \u012f Chmelnyckio srit\u012f).<\/p>\n<p>Bendra generatori\u0173 kaina &#8211; 93 639,12 eur\u0173.<\/p>\n<p>2023 metai<\/p>\n<p>2023 m. kovas-bir\u017eelis<\/p>\n<p>Ambasada daugiausia d\u0117mesio skyr\u0117 \u012frangos tiekimui Ukrainos gyn\u0117jams, kad jie gal\u0117t\u0173 vykdyti kontrpuolim\u0105.<\/p>\n<p>I\u0161 per &#8222;Aukok&#8221; platform\u0105 surinkt\u0173 l\u0117\u0161\u0173 \u012fsigyta ir pristatyta 20 auk\u0161tos kokyb\u0117s naktinio matymo prietais\u0173 (BPS 14) i\u0161 \u012fmon\u0117s BROLIS Ukrainos nacionalin\u0117s policijos jungtin\u0117s \u0161turmo brigados &#8222;Liut&#8221; (Rage) reikm\u0117ms.<\/p>\n<p>Pirkimo kaina &#8211; 100 300 eur\u0173.<\/p>\n<p>2023 m. gruodis &#8211; 2024 m. vasaris<\/p>\n<p>2023 m. gruodis &#8211; 2024 m. vasaris<\/p>\n<p>Ambasada \u012fsigijo 23 dronus ir perdav\u0117 juos Ukrainos ginkluotosioms paj\u0117goms, b\u016btent:<\/p>\n<p>28-ajai atskirajai mechanizuotajai brigadai,<\/p>\n<p>1-ajam Azovo brigados speciali\u0173j\u0173 paj\u0117g\u0173 batalionui,<\/p>\n<p>Ukrainos nacionalin\u0117s gvardijos 4-ajai greitojo reagavimo brigadai &#8222;Rubi\u017e&#8221;.<\/p>\n<p>Pirkimo kaina &#8211; 69 400 eur\u0173.<\/p>\n<p>2022-2024 m:<\/p>\n<p>\u012e \u012fvairius Ukrainos regionus, labiausiai nukent\u0117jusius nuo Rusijos atak\u0173, pristatyta apie 110 ton\u0173 ilgalaikio saugojimo produkt\u0173. Humanitarin\u0117 pagalba, padedant Ukrainos region\u0173 savivaldyb\u0117ms ir savanori\u0173 centrams, buvo i\u0161dalinta pa\u017eeid\u017eiamoms Ukrainos \u017emoni\u0173 grup\u0117ms ir \u0161alies viduje perkeltiems asmenims, taip pat 3 regioniniams Ukrainos ginkluot\u0173j\u0173 paj\u0117g\u0173 daliniams.<\/p>\n<p>Siekiant paremti Ukrainos energetikos sistemos atk\u016brim\u0105, 56 generatoriai buvo pristatyti \u012f Dniepr\u0105 po vieno did\u017eiausi\u0173 miesto ap\u0161audym\u0173 ir atsakingai valstybinei \u012fmonei Chmelnickio srityje, i\u0161 kur v\u0117liau buvo pristatyti \u012f kar\u0161tuosius ta\u0161kus visoje Ukrainoje, kurie susid\u016br\u0117 su elektros energijos tiekimo tr\u016bkin\u0117jimais.<\/p>\n<p>Ukrainos ginkluotosioms paj\u0117goms vykdant operacijas prie\u0161 Rusijos okupantus Ukrainos ginkluot\u0173j\u0173 paj\u0117g\u0173 daliniams buvo pristatyta 20 auk\u0161tos kokyb\u0117s naktinio matymo prietais\u0173 (BPS 14) ir 23 dronai.<\/p>\n<p>Iki \u0161iol viskam, kas i\u0161d\u0117styta pirmiau, panaudota 371 000 eur\u0173 paramos.<\/p>\n<p>PARAMA SKIRIAMA<\/p>\n<ul>\n<li class=\"purpose-item\">humanitarinei pagalbai Ukrainoje;<\/li>\n<li class=\"purpose-item\">priemon\u0117ms, saugan\u010dioms gyvybes.<\/li>\n<\/ul>\n","protected":false},"excerpt":{"rendered":"<p>Visa Ukraina ir kiekvienas ukrainietis atskirai yra be galo d\u0117kingas u\u017e J\u016bs\u0173 pasiaukojan\u010di\u0105 param\u0105. Deja, karas nesibaigia, ta\u010diau ukrainie\u010diai ir toliau atkakliai gina kiekvien\u0105 savo \u0161alies kampel\u012f. Nepaisant okupant\u0173 vykdomo \u017eiaurumo, ukrainie\u010diai kiekvien\u0105 dien\u0105 gina Europos laisv\u0119. Ir mes kartu su jais tikime, kad ta laisv\u0117 bus apginta. Ukrainie\u010diams dabar reikia maksimalios m\u016bs\u0173 pagalbos apr\u016bpinti [&hellip;]<\/p>\n","protected":false},"featured_media":1257,"template":"","meta":{"_acf_changed":false},"product_brand":[],"product_cat":[47],"product_tag":[],"class_list":{"0":"post-1256","1":"product","2":"type-product","3":"status-publish","4":"has-post-thumbnail","6":"product_cat-ukrainai","8":"first","9":"instock","10":"sold-individually","11":"shipping-taxable","12":"product-type-simple"},"acf":[],"_links":{"self":[{"href":"https:\/\/aukok-sxz3o.projectbeta.co.uk\/lt\/wp-json\/wp\/v2\/product\/1256","targetHints":{"allow":["GET"]}}],"collection":[{"href":"https:\/\/aukok-sxz3o.projectbeta.co.uk\/lt\/wp-json\/wp\/v2\/product"}],"about":[{"href":"https:\/\/aukok-sxz3o.projectbeta.co.uk\/lt\/wp-json\/wp\/v2\/types\/product"}],"wp:featuredmedia":[{"embeddable":true,"href":"https:\/\/aukok-sxz3o.projectbeta.co.uk\/lt\/wp-json\/wp\/v2\/media\/1257"}],"wp:attachment":[{"href":"https:\/\/aukok-sxz3o.projectbeta.co.uk\/lt\/wp-json\/wp\/v2\/media?parent=1256"}],"wp:term":[{"taxonomy":"product_brand","embeddable":true,"href":"https:\/\/aukok-sxz3o.projectbeta.co.uk\/lt\/wp-json\/wp\/v2\/product_brand?post=1256"},{"taxonomy":"product_cat","embeddable":true,"href":"https:\/\/aukok-sxz3o.projectbeta.co.uk\/lt\/wp-json\/wp\/v2\/product_cat?post=1256"},{"taxonomy":"product_tag","embeddable":true,"href":"https:\/\/aukok-sxz3o.projectbeta.co.uk\/lt\/wp-json\/wp\/v2\/product_tag?post=1256"}],"curies":[{"name":"wp","href":"https:\/\/api.w.org\/{rel}","templated":true}]}}