{"id":1027,"date":"2024-09-04T09:01:45","date_gmt":"2024-09-04T09:01:45","guid":{"rendered":"https:\/\/aukok-sxz3o.projectbeta.co.uk\/product\/parama-aukok-lt\/"},"modified":"2024-12-18T13:49:29","modified_gmt":"2024-12-18T13:49:29","slug":"parama-aukok-lt","status":"publish","type":"product","link":"https:\/\/aukok-sxz3o.projectbeta.co.uk\/lt\/produktas\/parama-aukok-lt\/","title":{"rendered":"Parama Aukok.lt"},"content":{"rendered":"<p>Veikl\u0105 vykdome jau 13 met\u0173, surinkome daugiau nei 8 mln. EUR, kuri\u0173 d\u0117ka \u012fgyvendinta 550 projekt\u0173. Prisidedame prie did\u017eiausi\u0173 ir \u017einomiausi\u0173 Lietuvos labdaros organizacij\u0173 ger\u0173 nor\u0173 pad\u0117ti tiems, kuriems to labiausiai reikia. Kvie\u010diame prisid\u0117ti ir paremti Aukok.lt, kad ir toliau gal\u0117tume s\u0117kmingai vykdyti savo veikl\u0105 ir \u012fgyvendinti savo misij\u0105 &#8211; skatinti bendruomeni\u0161kum\u0105, padedant visuomenin\u0117ms organizacijoms rinkti l\u0117\u0161as j\u0173 socialiniams projektams. Aukok.lt &#8211; tai 2009 m. startav\u0119s pirmasis ir did\u017eiausias aukojimo portalas Lietuvoje, suteikiantis galimyb\u0119 privatiems asmenims ir \u012fmon\u0117ms aukoti patogiau. Aukok.lt padeda rinkti l\u0117\u0161as \u012fvairioms organizacijoms, \u012fgyvendinan\u010dioms socialinius projektus ir padedan\u010dioms pa\u017eeid\u017eiamiausioms visuomen\u0117s grup\u0117ms &#8211; vaikams, ligoniams, seneliams, ne\u012fgaliesiems, \u0161eimoms, varg\u0161ams, gyv\u016bnams, kitiems skurstantiems ar krizi\u0173 i\u0161tiktiems \u017emon\u0117ms. Pagrindin\u0117 m\u016bs\u0173 vertyb\u0117 &#8211; skaidrumas. Daugiau informacijos apie Aukok.lt veikl\u0105, darbo principus ir ataskaitas galite rasti \u010dia. J\u016bs\u0173 parama u\u017etikrins tolesn\u012f Aukok.lt egzistavim\u0105, portalo veikim\u0105 ir paslaug\u0173 teikim\u0105.<br \/>\nKiekviena auka, kad ir kokia ma\u017ea, gali pad\u0117ti mums atlikti didelius darbus.<\/p>\n","protected":false},"excerpt":{"rendered":"<p>Veikl\u0105 vykdome jau 13 met\u0173, surinkome daugiau nei 8 mln. EUR, kuri\u0173 d\u0117ka \u012fgyvendinta 550 projekt\u0173. Prisidedame prie did\u017eiausi\u0173 ir \u017einomiausi\u0173 Lietuvos labdaros organizacij\u0173 ger\u0173 nor\u0173 pad\u0117ti tiems, kuriems to labiausiai reikia. Kvie\u010diame prisid\u0117ti ir paremti Aukok.lt, kad ir toliau gal\u0117tume s\u0117kmingai vykdyti savo veikl\u0105 ir \u012fgyvendinti savo misij\u0105 &#8211; skatinti bendruomeni\u0161kum\u0105, padedant visuomenin\u0117ms organizacijoms [&hellip;]<\/p>\n","protected":false},"featured_media":313,"template":"","meta":{"_acf_changed":false},"product_brand":[],"product_cat":[24],"product_tag":[],"class_list":{"0":"post-1027","1":"product","2":"type-product","3":"status-publish","4":"has-post-thumbnail","6":"product_cat-aukok-lt","8":"first","9":"instock","10":"virtual","11":"sold-individually","12":"purchasable","13":"product-type-simple"},"acf":[],"_links":{"self":[{"href":"https:\/\/aukok-sxz3o.projectbeta.co.uk\/lt\/wp-json\/wp\/v2\/product\/1027","targetHints":{"allow":["GET"]}}],"collection":[{"href":"https:\/\/aukok-sxz3o.projectbeta.co.uk\/lt\/wp-json\/wp\/v2\/product"}],"about":[{"href":"https:\/\/aukok-sxz3o.projectbeta.co.uk\/lt\/wp-json\/wp\/v2\/types\/product"}],"wp:featuredmedia":[{"embeddable":true,"href":"https:\/\/aukok-sxz3o.projectbeta.co.uk\/lt\/wp-json\/wp\/v2\/media\/313"}],"wp:attachment":[{"href":"https:\/\/aukok-sxz3o.projectbeta.co.uk\/lt\/wp-json\/wp\/v2\/media?parent=1027"}],"wp:term":[{"taxonomy":"product_brand","embeddable":true,"href":"https:\/\/aukok-sxz3o.projectbeta.co.uk\/lt\/wp-json\/wp\/v2\/product_brand?post=1027"},{"taxonomy":"product_cat","embeddable":true,"href":"https:\/\/aukok-sxz3o.projectbeta.co.uk\/lt\/wp-json\/wp\/v2\/product_cat?post=1027"},{"taxonomy":"product_tag","embeddable":true,"href":"https:\/\/aukok-sxz3o.projectbeta.co.uk\/lt\/wp-json\/wp\/v2\/product_tag?post=1027"}],"curies":[{"name":"wp","href":"https:\/\/api.w.org\/{rel}","templated":true}]}}