{"id":994,"date":"2024-09-12T14:10:21","date_gmt":"2024-09-12T14:10:21","guid":{"rendered":"https:\/\/aukok-sxz3o.projectbeta.co.uk\/?page_id=994"},"modified":"2024-10-21T10:01:13","modified_gmt":"2024-10-21T10:01:13","slug":"projekto-pateikimas","status":"publish","type":"page","link":"https:\/\/aukok-sxz3o.projectbeta.co.uk\/lt\/projekto-pateikimas\/","title":{"rendered":"Projekto pateikimas"},"content":{"rendered":"<p>Kvie\u010diame nevyriausybines organizacijas ir vie\u0161\u0105sias \u012fstaigas teikti projektus rinkti l\u0117\u0161as portale Aukok.lt, kuriais b\u016bt\u0173 siekiama spr\u0119sti aktuali\u0105 socialin\u0119 ar aplinkosaugos problem\u0105.<\/p>","protected":false},"excerpt":{"rendered":"<p>Kvie\u010diame nevyriausybines organizacijas ir vie\u0161\u0105sias \u012fstaigas teikti projektus rinkti l\u0117\u0161as portale Aukok.lt, kuriais b\u016bt\u0173 siekiama spr\u0119sti aktuali\u0105 socialin\u0119 ar aplinkosaugos problem\u0105.<\/p>\n","protected":false},"author":1,"featured_media":0,"parent":0,"menu_order":0,"comment_status":"closed","ping_status":"closed","template":"page-templates\/project-submission.php","meta":{"_acf_changed":false,"footnotes":""},"class_list":["post-994","page","type-page","status-publish","hentry"],"acf":[],"_links":{"self":[{"href":"https:\/\/aukok-sxz3o.projectbeta.co.uk\/lt\/wp-json\/wp\/v2\/pages\/994","targetHints":{"allow":["GET"]}}],"collection":[{"href":"https:\/\/aukok-sxz3o.projectbeta.co.uk\/lt\/wp-json\/wp\/v2\/pages"}],"about":[{"href":"https:\/\/aukok-sxz3o.projectbeta.co.uk\/lt\/wp-json\/wp\/v2\/types\/page"}],"author":[{"embeddable":true,"href":"https:\/\/aukok-sxz3o.projectbeta.co.uk\/lt\/wp-json\/wp\/v2\/users\/1"}],"replies":[{"embeddable":true,"href":"https:\/\/aukok-sxz3o.projectbeta.co.uk\/lt\/wp-json\/wp\/v2\/comments?post=994"}],"version-history":[{"count":3,"href":"https:\/\/aukok-sxz3o.projectbeta.co.uk\/lt\/wp-json\/wp\/v2\/pages\/994\/revisions"}],"predecessor-version":[{"id":1083,"href":"https:\/\/aukok-sxz3o.projectbeta.co.uk\/lt\/wp-json\/wp\/v2\/pages\/994\/revisions\/1083"}],"wp:attachment":[{"href":"https:\/\/aukok-sxz3o.projectbeta.co.uk\/lt\/wp-json\/wp\/v2\/media?parent=994"}],"curies":[{"name":"wp","href":"https:\/\/api.w.org\/{rel}","templated":true}]}}