{"id":974,"date":"2024-08-22T08:11:00","date_gmt":"2024-08-22T08:11:00","guid":{"rendered":"https:\/\/aukok-sxz3o.projectbeta.co.uk\/mano-paskyra\/"},"modified":"2024-10-18T08:34:55","modified_gmt":"2024-10-18T08:34:55","slug":"my-account","status":"publish","type":"page","link":"https:\/\/aukok-sxz3o.projectbeta.co.uk\/lt\/my-account\/","title":{"rendered":"Mano paskyra"},"content":{"rendered":"<div class=\"woocommerce\"><div class=\"woocommerce-notices-wrapper\"><\/div>\n\n<div class=\"u-columns col2-set\" id=\"customer_login\">\n\n\t<div class=\"u-column1 col-1\">\n\n\n\t\t<h2>Prisijungti<\/h2>\n\n\t\t<form class=\"woocommerce-form woocommerce-form-login login\" method=\"post\">\n\n\t\t\t\n\t\t\t<p class=\"woocommerce-form-row woocommerce-form-row--wide form-row form-row-wide\">\n\t\t\t\t<label for=\"username\">Vartotojo vardas arba el.pa\u0161to adresas&nbsp;<span class=\"required\" aria-hidden=\"true\">*<\/span><span class=\"screen-reader-text\">Privalomas<\/span><\/label>\n\t\t\t\t<input type=\"text\" class=\"woocommerce-Input woocommerce-Input--text input-text\" name=\"username\" id=\"username\" autocomplete=\"username\" value=\"\" required aria-required=\"true\" \/>\t\t\t<\/p>\n\t\t\t<p class=\"woocommerce-form-row woocommerce-form-row--wide form-row form-row-wide\">\n\t\t\t\t<label for=\"password\">Slapta\u017eodis&nbsp;<span class=\"required\" aria-hidden=\"true\">*<\/span><span class=\"screen-reader-text\">Privalomas<\/span><\/label>\n\t\t\t\t<input class=\"woocommerce-Input woocommerce-Input--text input-text\" type=\"password\" name=\"password\" id=\"password\" autocomplete=\"current-password\" required aria-required=\"true\" \/>\n\t\t\t<\/p>\n\n\t\t\t\n\t\t\t<p class=\"form-row\">\n\t\t\t\t<label class=\"woocommerce-form__label woocommerce-form__label-for-checkbox woocommerce-form-login__rememberme\">\n\t\t\t\t\t<input class=\"woocommerce-form__input woocommerce-form__input-checkbox\" name=\"rememberme\" type=\"checkbox\" id=\"rememberme\" value=\"forever\" \/> <span>Prisiminti mane<\/span>\n\t\t\t\t<\/label>\n\t\t\t\t<input type=\"hidden\" id=\"woocommerce-login-nonce\" name=\"woocommerce-login-nonce\" value=\"30b3322bda\" \/><input type=\"hidden\" name=\"_wp_http_referer\" value=\"\/lt\/wp-json\/wp\/v2\/pages\/974\" \/>\t\t\t\t<button type=\"submit\" class=\"woocommerce-button button woocommerce-form-login__submit\" name=\"login\" value=\"Prisijungti\">Prisijungti<\/button>\n\t\t\t<\/p>\n\t\t\t<p class=\"woocommerce-LostPassword lost_password\">\n\t\t\t\t<a href=\"https:\/\/aukok-sxz3o.projectbeta.co.uk\/lt\/my-account\/lost-password\/\">Praradote savo slapta\u017eod\u012f?<\/a>\n\t\t\t<\/p>\n\n\t\t\t\n\t\t<\/form>\n\n\n\t<\/div>\n\n\t<div class=\"u-column2 col-2\">\n\n\t\t<h2>Registruotis<\/h2>\n\n\t\t<form method=\"post\" class=\"woocommerce-form woocommerce-form-register register\"  >\n\n\t\t\t\n\t\t\t\n\t\t\t<p class=\"woocommerce-form-row woocommerce-form-row--wide form-row form-row-wide\">\n\t\t\t\t<label for=\"reg_email\">El.pa\u0161tas&nbsp;<span class=\"required\" aria-hidden=\"true\">*<\/span><span class=\"screen-reader-text\">Privalomas<\/span><\/label>\n\t\t\t\t<input type=\"email\" class=\"woocommerce-Input woocommerce-Input--text input-text\" name=\"email\" id=\"reg_email\" autocomplete=\"email\" value=\"\" required aria-required=\"true\" \/>\t\t\t<\/p>\n\n\t\t\t\n\t\t\t\t<p class=\"woocommerce-form-row woocommerce-form-row--wide form-row form-row-wide\">\n\t\t\t\t\t<label for=\"reg_password\">Slapta\u017eodis&nbsp;<span class=\"required\" aria-hidden=\"true\">*<\/span><span class=\"screen-reader-text\">Privalomas<\/span><\/label>\n\t\t\t\t\t<input type=\"password\" class=\"woocommerce-Input woocommerce-Input--text input-text\" name=\"password\" id=\"reg_password\" autocomplete=\"new-password\" required aria-required=\"true\" \/>\n\t\t\t\t<\/p>\n\n\t\t\t\n\t\t\t<p class=\"form-row woocommerce-form-row woocommerce-form-row--wide form-row form-row-wide validate-required\" id=\"fullname_reg_field\" data-priority=\"\"><label for=\"fullname_reg\" class=\"\">Vardas ir pavard\u0117 arba \u012fmon\u0117s pavadinimas&nbsp;<abbr class=\"required\" title=\"privaloma\">*<\/abbr><\/label><span class=\"woocommerce-input-wrapper\"><input type=\"text\" class=\"input-text \" name=\"fullname_reg\" id=\"fullname_reg\" placeholder=\"\"  value=\"\" aria-required=\"true\" \/><\/span><\/p><p class=\"form-row woocommerce-form-row woocommerce-form-row--wide form-row form-row-wide validate-required\" id=\"password_confirmation_reg_field\" data-priority=\"\"><label for=\"password_confirmation_reg\" class=\"\">Pakartokite slapta\u017eod\u012f&nbsp;<abbr class=\"required\" title=\"privaloma\">*<\/abbr><\/label><span class=\"woocommerce-input-wrapper\"><input type=\"password\" class=\"input-text \" name=\"password_confirmation_reg\" id=\"password_confirmation_reg\" placeholder=\"\"  value=\"\" aria-required=\"true\" \/><\/span><\/p><p class=\"form-row form-row privacy validate-required\" id=\"privacy_policy_reg_field\" data-priority=\"\"><span class=\"woocommerce-input-wrapper\"><label class=\"checkbox woocommerce-form__label woocommerce-form__label-for-checkbox checkbox\" ><input type=\"checkbox\" name=\"privacy_policy_reg\" id=\"privacy_policy_reg\" value=\"1\" class=\"input-checkbox woocommerce-form__input woocommerce-form__input-checkbox input-checkbox\"  aria-required=\"true\" \/> <span>I confirm that I am familiar with the <a href=\"#\">terms and conditions<\/a> of <a href=\"#\">personal data processing<\/a><\/span>&nbsp;<abbr class=\"required\" title=\"privaloma\">*<\/abbr><\/label><\/span><\/p><div class=\"woocommerce-privacy-policy-text\"><p>I confirm that I am familiar with the <a href=\"#\">terms and conditions<\/a> of <a href=\"#\">personal data processing<\/a><\/p>\n<\/div>\n\t\t\t<p class=\"woocommerce-form-row form-row\">\n\t\t\t\t<input type=\"hidden\" id=\"woocommerce-register-nonce\" name=\"woocommerce-register-nonce\" value=\"2df55075cc\" \/><input type=\"hidden\" name=\"_wp_http_referer\" value=\"\/lt\/wp-json\/wp\/v2\/pages\/974\" \/>\t\t\t\t<button type=\"submit\" class=\"woocommerce-Button woocommerce-button button woocommerce-form-register__submit\" name=\"register\" value=\"Registruotis\">Registruotis<\/button>\n\t\t\t<\/p>\n\n\t\t\t\n\t\t<\/form>\n\n\t<\/div>\n\n<\/div>\n\n<\/div>","protected":false},"excerpt":{"rendered":"","protected":false},"author":1,"featured_media":0,"parent":0,"menu_order":0,"comment_status":"closed","ping_status":"closed","template":"","meta":{"_acf_changed":false,"footnotes":""},"class_list":["post-974","page","type-page","status-publish","hentry"],"acf":[],"_links":{"self":[{"href":"https:\/\/aukok-sxz3o.projectbeta.co.uk\/lt\/wp-json\/wp\/v2\/pages\/974","targetHints":{"allow":["GET"]}}],"collection":[{"href":"https:\/\/aukok-sxz3o.projectbeta.co.uk\/lt\/wp-json\/wp\/v2\/pages"}],"about":[{"href":"https:\/\/aukok-sxz3o.projectbeta.co.uk\/lt\/wp-json\/wp\/v2\/types\/page"}],"author":[{"embeddable":true,"href":"https:\/\/aukok-sxz3o.projectbeta.co.uk\/lt\/wp-json\/wp\/v2\/users\/1"}],"replies":[{"embeddable":true,"href":"https:\/\/aukok-sxz3o.projectbeta.co.uk\/lt\/wp-json\/wp\/v2\/comments?post=974"}],"version-history":[{"count":1,"href":"https:\/\/aukok-sxz3o.projectbeta.co.uk\/lt\/wp-json\/wp\/v2\/pages\/974\/revisions"}],"predecessor-version":[{"id":975,"href":"https:\/\/aukok-sxz3o.projectbeta.co.uk\/lt\/wp-json\/wp\/v2\/pages\/974\/revisions\/975"}],"wp:attachment":[{"href":"https:\/\/aukok-sxz3o.projectbeta.co.uk\/lt\/wp-json\/wp\/v2\/media?parent=974"}],"curies":[{"name":"wp","href":"https:\/\/api.w.org\/{rel}","templated":true}]}}