{"id":1065,"date":"2024-09-09T15:04:37","date_gmt":"2024-09-09T15:04:37","guid":{"rendered":"https:\/\/aukok-sxz3o.projectbeta.co.uk\/kontaktai\/"},"modified":"2024-10-21T09:09:58","modified_gmt":"2024-10-21T09:09:58","slug":"kontaktai","status":"publish","type":"page","link":"https:\/\/aukok-sxz3o.projectbeta.co.uk\/lt\/kontaktai\/","title":{"rendered":"Kontaktai"},"content":{"rendered":"<h1 class=\"wp-block-heading\">Kontaktai<\/h1><p>V\u0161\u012e Geros valios projektai<br>A. Go\u0161tauto g. 8-38, LT-01108 Vilnius<br>E. pa\u0161tas \u2013 <a href=\"mailto:info@aukok.lt\">info@aukok.lt<\/a><br>\u012emon\u0117s kodas 301678868<\/p><h4 class=\"wp-block-heading\"><strong>Banko s\u0105skaitos<\/strong><\/h4><p>Organizacija naudoja skirtingas s\u0105skaitas ten, kad l\u0117\u0161as, skirtas vidiniam naudojimui, gal\u0117t\u0173 atskirti nuo kit\u0173 organizacij\u0173 projekt\u0173 paaukot\u0173 l\u0117\u0161\u0173:<\/p><ol class=\"wp-block-list\"><li><strong>Atsiskaitomoji s\u0105skaita<\/strong><br>S\u0105sk. nr. LT647300010119753067 &#8222;Swedbank&#8221;, AB, banko kodas 73000, SWIFT kodas HABALT22.  <\/li>\n\n<li><strong>Paramos projekt\u0173 s\u0105skaitos.<\/strong><br>Rekomenduojame projektus remti, atliekant tiesioginius mok\u0117jimus per savo el. bankininkyst\u0117s sistem\u0105, mok\u0117jimo korteles ar naudojantis Paypal sistema. Vis\u0105 informacij\u0105 ir mok\u0117jimo b\u016bdus rasite po <a href=\"https:\/\/aukok-sxz3o.projectbeta.co.uk\/lt\/\" data-type=\"page\" data-id=\"18\">projekt\u0173<\/a> apra\u0161ymais.  <\/li><\/ol>","protected":false},"excerpt":{"rendered":"<p>Kontaktai V\u0161\u012e Geros valios projektaiA. Go\u0161tauto g. 8-38, LT-01108 VilniusE. pa\u0161tas \u2013 info@aukok.lt\u012emon\u0117s kodas 301678868 Banko s\u0105skaitos Organizacija naudoja skirtingas s\u0105skaitas ten, kad l\u0117\u0161as, skirtas vidiniam naudojimui, gal\u0117t\u0173 atskirti nuo kit\u0173 organizacij\u0173 projekt\u0173 paaukot\u0173 l\u0117\u0161\u0173:<\/p>\n","protected":false},"author":1,"featured_media":0,"parent":0,"menu_order":0,"comment_status":"closed","ping_status":"closed","template":"","meta":{"_acf_changed":false,"footnotes":""},"class_list":["post-1065","page","type-page","status-publish","hentry"],"acf":[],"_links":{"self":[{"href":"https:\/\/aukok-sxz3o.projectbeta.co.uk\/lt\/wp-json\/wp\/v2\/pages\/1065","targetHints":{"allow":["GET"]}}],"collection":[{"href":"https:\/\/aukok-sxz3o.projectbeta.co.uk\/lt\/wp-json\/wp\/v2\/pages"}],"about":[{"href":"https:\/\/aukok-sxz3o.projectbeta.co.uk\/lt\/wp-json\/wp\/v2\/types\/page"}],"author":[{"embeddable":true,"href":"https:\/\/aukok-sxz3o.projectbeta.co.uk\/lt\/wp-json\/wp\/v2\/users\/1"}],"replies":[{"embeddable":true,"href":"https:\/\/aukok-sxz3o.projectbeta.co.uk\/lt\/wp-json\/wp\/v2\/comments?post=1065"}],"version-history":[{"count":4,"href":"https:\/\/aukok-sxz3o.projectbeta.co.uk\/lt\/wp-json\/wp\/v2\/pages\/1065\/revisions"}],"predecessor-version":[{"id":1071,"href":"https:\/\/aukok-sxz3o.projectbeta.co.uk\/lt\/wp-json\/wp\/v2\/pages\/1065\/revisions\/1071"}],"wp:attachment":[{"href":"https:\/\/aukok-sxz3o.projectbeta.co.uk\/lt\/wp-json\/wp\/v2\/media?parent=1065"}],"curies":[{"name":"wp","href":"https:\/\/api.w.org\/{rel}","templated":true}]}}